{"id":2279,"date":"2023-03-24T07:41:59","date_gmt":"2023-03-24T10:41:59","guid":{"rendered":"https:\/\/roudrill.com.br\/?page_id=2279"},"modified":"2026-03-19T14:36:08","modified_gmt":"2026-03-19T17:36:08","slug":"sobre-a-roudrill","status":"publish","type":"page","link":"https:\/\/roudrill.com.br\/index.php\/sobre-a-roudrill\/","title":{"rendered":"Sobre a Roudrill"},"content":{"rendered":"<p>[vc_row full_width=&#8221;stretch_row_content_no_spaces&#8221; content_placement=&#8221;middle&#8221; parallax=&#8221;content-moving&#8221; parallax_image=&#8221;2427&#8243; parallax_speed_bg=&#8221;2.5&#8243;][vc_column][vc_empty_space height=&#8221;50px&#8221;][vc_empty_space height=&#8221;50px&#8221;][vc_empty_space height=&#8221;50px&#8221;][vc_custom_heading text=&#8221;SOBRE A ROUDRILL&#8221; font_container=&#8221;tag:h2|font_size:45|text_align:center|color:%23ffffff&#8221; use_theme_fonts=&#8221;yes&#8221; css=&#8221;.vc_custom_1679913393826{padding-top: 50px !important;padding-bottom: 50px !important;}&#8221;][\/vc_column][\/vc_row][vc_row full_width=&#8221;stretch_row_content_no_spaces&#8221; content_placement=&#8221;middle&#8221;][vc_column][vc_empty_space][vc_empty_space][vc_custom_heading text=&#8221;Roudrill. Uma empresa 100% brasileira.&#8221; font_container=&#8221;tag:h2|font_size:25|text_align:center|color:%232b8ce4&#8243; use_theme_fonts=&#8221;yes&#8221;][vc_separator color=&#8221;custom&#8221; border_width=&#8221;5&#8243; el_width=&#8221;10&#8243; accent_color=&#8221;#2b8ce4&#8243;][\/vc_column][\/vc_row][vc_row full_width=&#8221;stretch_row_content_no_spaces&#8221; content_placement=&#8221;middle&#8221;][vc_column width=&#8221;1\/6&#8243;][vc_empty_space][\/vc_column][vc_column width=&#8221;2\/3&#8243;][vc_column_text]<\/p>\n<p style=\"text-align: center;\">A ind\u00fastria brasileira de m\u00e1quinas de corte de chaves automotivas Roudrill \u00e9 uma empresa comprometida em oferecer solu\u00e7\u00f5es inovadoras e eficazes para seus clientes. Com uma equipe de profissionais altamente qualificada e uma infraestrutura de ponta, a empresa tem como objetivo produzir m\u00e1quinas e softwares de corte de chaves que atendam \u00e0s demandas do mercado e superem as expectativas dos clientes.<\/p>\n<p style=\"text-align: center;\">A empresa investe constantemente em pesquisa e desenvolvimento para criar novas tecnologias e aprimorar seus produtos, buscando sempre inova\u00e7\u00e3o e excel\u00eancia em cada etapa do processo de produ\u00e7\u00e3o. Al\u00e9m disso, a empresa mant\u00e9m um relacionamento pr\u00f3ximo com seus clientes, ouvindo suas necessidades e sugest\u00f5es para melhorar ainda mais seus produtos e servi\u00e7os.<\/p>\n<p style=\"text-align: center;\">Com um compromisso de qualidade e efici\u00eancia, a Roudrill se esfor\u00e7a para ser l\u00edder em seu mercado de atua\u00e7\u00e3o. Oferece garantia de alta qualidade e confiabilidade em seus produtos, buscando sempre ser refer\u00eancia.<\/p>\n<p>[\/vc_column_text][\/vc_column][vc_column width=&#8221;1\/6&#8243;][\/vc_column][\/vc_row][vc_row parallax=&#8221;content-moving&#8221; parallax_image=&#8221;2430&#8243;][vc_column][vc_empty_space]<section  class=\"fun_facts\"><div class=\"container\"><div class=\"row\"><div class=\"col-md-3 fact\"><p class=\"number\">3000<\/p><h6 class=\"text\">M\u00c1QUINAS ENTREGUES<\/h6><\/div><div class=\"col-md-3 fact\"><p class=\"number\">2010<\/p><h6 class=\"text\">DESDE 2010 OFERECENDO SOLU\u00c7\u00d5ES<\/h6><\/div><div class=\"col-md-3 fact\"><p class=\"number\">50<\/p><h6 class=\"text\">PRODUTOS NA LOJA<\/h6><\/div><div class=\"col-md-3 fact\"><p class=\"number\">2000<\/p><h6 class=\"text\">CLIENTES SATISFEITOS<\/h6><\/div><\/div><\/div><\/section>[vc_empty_space][\/vc_column][\/vc_row][vc_row content_placement=&#8221;middle&#8221; disable_element=&#8221;yes&#8221; css=&#8221;.vc_custom_1679926253343{padding-right: 50px !important;padding-left: 50px !important;}&#8221;][vc_column width=&#8221;1\/3&#8243;][vc_single_image image=&#8221;2441&#8243; img_size=&#8221;large&#8221; alignment=&#8221;center&#8221; onclick=&#8221;img_link_large&#8221; css=&#8221;.vc_custom_1679916110298{padding-right: 20px !important;padding-left: 20px !important;}&#8221;][\/vc_column][vc_column width=&#8221;1\/3&#8243;][vc_single_image image=&#8221;2444&#8243; img_size=&#8221;large&#8221; alignment=&#8221;center&#8221; onclick=&#8221;img_link_large&#8221; css=&#8221;.vc_custom_1679916150742{padding-right: 20px !important;padding-left: 20px !important;}&#8221;][\/vc_column][vc_column width=&#8221;1\/3&#8243;][vc_single_image image=&#8221;2434&#8243; img_size=&#8221;large&#8221; alignment=&#8221;center&#8221; onclick=&#8221;img_link_large&#8221; css=&#8221;.vc_custom_1679916161796{padding-right: 20px !important;padding-left: 20px !important;}&#8221;][\/vc_column][\/vc_row][vc_row content_placement=&#8221;middle&#8221; disable_element=&#8221;yes&#8221; css=&#8221;.vc_custom_1679926260802{padding-right: 50px !important;padding-left: 50px !important;}&#8221;][vc_column width=&#8221;1\/3&#8243;][vc_single_image image=&#8221;2437&#8243; img_size=&#8221;large&#8221; alignment=&#8221;center&#8221; onclick=&#8221;img_link_large&#8221; css=&#8221;.vc_custom_1679916173611{padding-right: 20px !important;padding-left: 20px !important;}&#8221;][\/vc_column][vc_column width=&#8221;1\/3&#8243;][vc_single_image image=&#8221;2433&#8243; img_size=&#8221;large&#8221; alignment=&#8221;center&#8221; onclick=&#8221;img_link_large&#8221; css=&#8221;.vc_custom_1679916181383{padding-right: 20px !important;padding-left: 20px !important;}&#8221;][\/vc_column][vc_column width=&#8221;1\/3&#8243;][vc_single_image image=&#8221;2435&#8243; img_size=&#8221;large&#8221; alignment=&#8221;center&#8221; onclick=&#8221;img_link_large&#8221; css=&#8221;.vc_custom_1679916190392{padding-right: 20px !important;padding-left: 20px !important;}&#8221;][\/vc_column][\/vc_row][vc_row content_placement=&#8221;middle&#8221; disable_element=&#8221;yes&#8221; css=&#8221;.vc_custom_1679926268351{padding-right: 50px !important;padding-left: 50px !important;}&#8221;][vc_column width=&#8221;1\/3&#8243;][vc_single_image image=&#8221;2450&#8243; img_size=&#8221;large&#8221; alignment=&#8221;center&#8221; onclick=&#8221;img_link_large&#8221; css=&#8221;.vc_custom_1679916410197{padding-right: 20px !important;padding-left: 20px !important;}&#8221;][\/vc_column][vc_column width=&#8221;1\/3&#8243;][vc_single_image image=&#8221;2451&#8243; img_size=&#8221;large&#8221; alignment=&#8221;center&#8221; onclick=&#8221;img_link_large&#8221; css=&#8221;.vc_custom_1679916433023{padding-right: 20px !important;padding-left: 20px !important;}&#8221;][\/vc_column][vc_column width=&#8221;1\/3&#8243;][vc_single_image image=&#8221;2452&#8243; img_size=&#8221;large&#8221; alignment=&#8221;center&#8221; onclick=&#8221;img_link_large&#8221; css=&#8221;.vc_custom_1679916462153{padding-right: 20px !important;padding-left: 20px !important;}&#8221;][\/vc_column][\/vc_row][vc_row content_placement=&#8221;middle&#8221; disable_element=&#8221;yes&#8221; css=&#8221;.vc_custom_1679926275585{padding-right: 50px !important;padding-left: 50px !important;}&#8221;][vc_column width=&#8221;1\/3&#8243;][vc_single_image image=&#8221;2453&#8243; img_size=&#8221;large&#8221; alignment=&#8221;center&#8221; onclick=&#8221;img_link_large&#8221; css=&#8221;.vc_custom_1679916494123{padding-right: 20px !important;padding-left: 20px !important;}&#8221;][\/vc_column][vc_column width=&#8221;1\/3&#8243;][vc_single_image image=&#8221;2454&#8243; img_size=&#8221;large&#8221; alignment=&#8221;center&#8221; onclick=&#8221;img_link_large&#8221; css=&#8221;.vc_custom_1679916514582{padding-right: 20px !important;padding-left: 20px !important;}&#8221;][\/vc_column][vc_column width=&#8221;1\/3&#8243;][vc_single_image image=&#8221;2456&#8243; img_size=&#8221;large&#8221; alignment=&#8221;center&#8221; onclick=&#8221;img_link_large&#8221; css=&#8221;.vc_custom_1679916628787{padding-right: 20px !important;padding-left: 20px !important;}&#8221;][\/vc_column][\/vc_row][vc_row full_width=&#8221;stretch_row_content_no_spaces&#8221; content_placement=&#8221;middle&#8221;][vc_column][vc_empty_space][vc_empty_space][vc_custom_heading text=&#8221;Miss\u00e3o, Vis\u00e3o e Valores&#8221; font_container=&#8221;tag:h2|font_size:25|text_align:center|color:%232b8ce4&#8243; use_theme_fonts=&#8221;yes&#8221;][vc_separator color=&#8221;custom&#8221; border_width=&#8221;5&#8243; el_width=&#8221;10&#8243; accent_color=&#8221;#2b8ce4&#8243;][vc_empty_space][\/vc_column][\/vc_row][vc_row css=&#8221;.vc_custom_1679919077928{margin-right: 80px !important;margin-left: 80px !important;border-right-width: 80px !important;border-left-width: 80px !important;padding-right: 80px !important;padding-left: 80px !important;}&#8221;][vc_column width=&#8221;1\/3&#8243; css=&#8221;.vc_custom_1679919085353{margin-right: 20px !important;margin-left: 20px !important;border-right-width: 20px !important;border-left-width: 20px !important;padding-right: 20px !important;padding-left: 20px !important;}&#8221;][vc_icon icon_fontawesome=&#8221;fas fa-key&#8221; color=&#8221;custom&#8221; size=&#8221;lg&#8221; align=&#8221;center&#8221; css_animation=&#8221;fadeIn&#8221; custom_color=&#8221;#2b8ce4&#8243;][vc_custom_heading text=&#8221;MISS\u00c3O&#8221; font_container=&#8221;tag:h2|font_size:18|text_align:center|color:%232b8ce4&#8243; use_theme_fonts=&#8221;yes&#8221;][vc_column_text]<\/p>\n<p style=\"text-align: center;\">Nossa miss\u00e3o \u00e9 a <strong>&#8220;chave&#8221;<\/strong> do sucesso dos nossos clientes.<\/p>\n<p style=\"text-align: center;\">\u00c9 criar e inovar constantemente na produ\u00e7\u00e3o de m\u00e1quinas e softwares para corte de chaves.<\/p>\n<p>[\/vc_column_text][\/vc_column][vc_column width=&#8221;1\/3&#8243; css=&#8221;.vc_custom_1679918968575{margin-right: 20px !important;margin-left: 20px !important;border-right-width: 20px !important;border-left-width: 20px !important;padding-right: 20px !important;padding-left: 20px !important;}&#8221;][vc_icon icon_fontawesome=&#8221;far fa-eye&#8221; color=&#8221;custom&#8221; size=&#8221;lg&#8221; align=&#8221;center&#8221; css_animation=&#8221;fadeIn&#8221; custom_color=&#8221;#2b8ce4&#8243;][vc_custom_heading text=&#8221;VIS\u00c3O&#8221; font_container=&#8221;tag:h2|font_size:18|text_align:center|color:%232b8ce4&#8243; use_theme_fonts=&#8221;yes&#8221;][vc_column_text]<\/p>\n<p style=\"text-align: center;\">Ser reconhecida como uma empresa pioneira no Brasil com reconhecimento internacional.<\/p>\n<p style=\"text-align: center;\">Ser refer\u00eancia em qualidade.<\/p>\n<p style=\"text-align: center;\">Competitiva e insuper\u00e1vel tanto em tecnologia como tamb\u00e9m na excel\u00eancia em atendimento especializado, garantindo ao cliente solidez, seguran\u00e7a e confiabilidade.<\/p>\n<p style=\"text-align: center;\">Promover total efic\u00e1cia aos clientes, visando superar suas expectativas e garantir nossa notoriedade no mercado de atua\u00e7\u00e3o.<\/p>\n<p>[\/vc_column_text][\/vc_column][vc_column width=&#8221;1\/3&#8243; css=&#8221;.vc_custom_1679918984854{margin-right: 20px !important;margin-left: 20px !important;border-right-width: 20px !important;border-left-width: 20px !important;padding-right: 20px !important;padding-left: 20px !important;}&#8221;][vc_icon icon_fontawesome=&#8221;far fa-gem&#8221; color=&#8221;custom&#8221; size=&#8221;lg&#8221; align=&#8221;center&#8221; css_animation=&#8221;fadeIn&#8221; custom_color=&#8221;#2b8ce4&#8243;][vc_custom_heading text=&#8221;VALORES&#8221; font_container=&#8221;tag:h2|font_size:18|text_align:center|color:%232b8ce4&#8243; use_theme_fonts=&#8221;yes&#8221;][vc_column_text]<\/p>\n<p style=\"text-align: center;\">\u00c9tica e transpar\u00eancia no exerc\u00edcio de suas atividades.<\/p>\n<p style=\"text-align: center;\">Desenvolvimento do potencial humano, zelamos por nossos clientes internos e externos.<\/p>\n<p style=\"text-align: center;\">Respeito ao meio ambiente<\/p>\n<p>[\/vc_column_text][\/vc_column][\/vc_row]<\/p>\n","protected":false},"excerpt":{"rendered":"<p>[vc_row full_width=&#8221;stretch_row_content_no_spaces&#8221; content_placement=&#8221;middle&#8221; parallax=&#8221;content-moving&#8221; parallax_image=&#8221;2427&#8243; parallax_speed_bg=&#8221;2.5&#8243;][vc_column][vc_empty_space height=&#8221;50px&#8221;][vc_empty_space height=&#8221;50px&#8221;][vc_empty_space height=&#8221;50px&#8221;][vc_custom_heading text=&#8221;SOBRE A ROUDRILL&#8221; font_container=&#8221;tag:h2|font_size:45|text_align:center|color:%23ffffff&#8221; use_theme_fonts=&#8221;yes&#8221; css=&#8221;.vc_custom_1679913393826{padding-top: 50px !important;padding-bottom: 50px !important;}&#8221;][\/vc_column][\/vc_row][vc_row full_width=&#8221;stretch_row_content_no_spaces&#8221; content_placement=&#8221;middle&#8221;][vc_column][vc_empty_space][vc_empty_space][vc_custom_heading text=&#8221;Roudrill. Uma empresa 100% brasileira.&#8221; font_container=&#8221;tag:h2|font_size:25|text_align:center|color:%232b8ce4&#8243; use_theme_fonts=&#8221;yes&#8221;][vc_separator color=&#8221;custom&#8221; border_width=&#8221;5&#8243; el_width=&#8221;10&#8243; accent_color=&#8221;#2b8ce4&#8243;][\/vc_column][\/vc_row][vc_row full_width=&#8221;stretch_row_content_no_spaces&#8221; content_placement=&#8221;middle&#8221;][vc_column width=&#8221;1\/6&#8243;][vc_empty_space][\/vc_column][vc_column width=&#8221;2\/3&#8243;][vc_column_text] A ind\u00fastria brasileira de m\u00e1quinas de corte de chaves automotivas Roudrill \u00e9 uma empresa comprometida em oferecer solu\u00e7\u00f5es inovadoras [&hellip;]<\/p>\n","protected":false},"author":1,"featured_media":0,"parent":0,"menu_order":0,"comment_status":"closed","ping_status":"closed","template":"one-page-template.php","meta":{"footnotes":""},"class_list":["post-2279","page","type-page","status-publish","hentry"],"yoast_head":"<!-- This site is optimized with the Yoast SEO plugin v20.3 - https:\/\/yoast.com\/wordpress\/plugins\/seo\/ -->\n<title>Sobre a Roudrill - Roudrill | M\u00e1quinas de Corte de Chaves Automotivas<\/title>\n<meta name=\"description\" content=\"A Roudrill \u00e9 uma ind\u00fastria especializada na fabrica\u00e7\u00e3o de m\u00e1quinas de corte de chaves automotivas, a MICRO X!\" \/>\n<meta name=\"robots\" content=\"index, follow, max-snippet:-1, max-image-preview:large, max-video-preview:-1\" \/>\n<link rel=\"canonical\" href=\"https:\/\/roudrill.com.br\/index.php\/sobre-a-roudrill\/\" \/>\n<meta property=\"og:locale\" content=\"pt_BR\" \/>\n<meta property=\"og:type\" content=\"article\" \/>\n<meta property=\"og:title\" content=\"Sobre a Roudrill - Roudrill | M\u00e1quinas de Corte de Chaves Automotivas\" \/>\n<meta property=\"og:description\" content=\"A Roudrill \u00e9 uma ind\u00fastria especializada na fabrica\u00e7\u00e3o de m\u00e1quinas de corte de chaves automotivas, a MICRO X!\" \/>\n<meta property=\"og:url\" content=\"https:\/\/roudrill.com.br\/index.php\/sobre-a-roudrill\/\" \/>\n<meta property=\"og:site_name\" content=\"Roudrill | M\u00e1quinas de Corte de Chaves Automotivas\" \/>\n<meta property=\"article:publisher\" content=\"https:\/\/www.facebook.com\/roudrill\/\" \/>\n<meta property=\"article:modified_time\" content=\"2026-03-19T17:36:08+00:00\" \/>\n<meta name=\"twitter:card\" content=\"summary_large_image\" \/>\n<meta name=\"twitter:label1\" content=\"Est. tempo de leitura\" \/>\n\t<meta name=\"twitter:data1\" content=\"3 minutos\" \/>\n<script type=\"application\/ld+json\" class=\"yoast-schema-graph\">{\"@context\":\"https:\/\/schema.org\",\"@graph\":[{\"@type\":\"WebPage\",\"@id\":\"https:\/\/roudrill.com.br\/index.php\/sobre-a-roudrill\/\",\"url\":\"https:\/\/roudrill.com.br\/index.php\/sobre-a-roudrill\/\",\"name\":\"Sobre a Roudrill - Roudrill | M\u00e1quinas de Corte de Chaves Automotivas\",\"isPartOf\":{\"@id\":\"https:\/\/roudrill.com.br\/#website\"},\"datePublished\":\"2023-03-24T10:41:59+00:00\",\"dateModified\":\"2026-03-19T17:36:08+00:00\",\"description\":\"A Roudrill \u00e9 uma ind\u00fastria especializada na fabrica\u00e7\u00e3o de m\u00e1quinas de corte de chaves automotivas, a MICRO X!\",\"breadcrumb\":{\"@id\":\"https:\/\/roudrill.com.br\/index.php\/sobre-a-roudrill\/#breadcrumb\"},\"inLanguage\":\"pt-BR\",\"potentialAction\":[{\"@type\":\"ReadAction\",\"target\":[\"https:\/\/roudrill.com.br\/index.php\/sobre-a-roudrill\/\"]}]},{\"@type\":\"BreadcrumbList\",\"@id\":\"https:\/\/roudrill.com.br\/index.php\/sobre-a-roudrill\/#breadcrumb\",\"itemListElement\":[{\"@type\":\"ListItem\",\"position\":1,\"name\":\"In\u00edcio\",\"item\":\"https:\/\/roudrill.com.br\/\"},{\"@type\":\"ListItem\",\"position\":2,\"name\":\"Sobre a Roudrill\"}]},{\"@type\":\"WebSite\",\"@id\":\"https:\/\/roudrill.com.br\/#website\",\"url\":\"https:\/\/roudrill.com.br\/\",\"name\":\"Roudrill M\u00e1quinas de Corte de Chaves Automotivas\",\"description\":\"M\u00e1quinas de Corte de Chaves Automotivas\",\"publisher\":{\"@id\":\"https:\/\/roudrill.com.br\/#organization\"},\"potentialAction\":[{\"@type\":\"SearchAction\",\"target\":{\"@type\":\"EntryPoint\",\"urlTemplate\":\"https:\/\/roudrill.com.br\/?s={search_term_string}\"},\"query-input\":\"required name=search_term_string\"}],\"inLanguage\":\"pt-BR\"},{\"@type\":\"Organization\",\"@id\":\"https:\/\/roudrill.com.br\/#organization\",\"name\":\"Roudrill M\u00e1quinas de Corte de Chaves Automotivas\",\"url\":\"https:\/\/roudrill.com.br\/\",\"logo\":{\"@type\":\"ImageObject\",\"inLanguage\":\"pt-BR\",\"@id\":\"https:\/\/roudrill.com.br\/#\/schema\/logo\/image\/\",\"url\":\"https:\/\/roudrill.com.br\/wp-content\/uploads\/2023\/02\/logo_roudrill_final.png\",\"contentUrl\":\"https:\/\/roudrill.com.br\/wp-content\/uploads\/2023\/02\/logo_roudrill_final.png\",\"width\":200,\"height\":81,\"caption\":\"Roudrill M\u00e1quinas de Corte de Chaves Automotivas\"},\"image\":{\"@id\":\"https:\/\/roudrill.com.br\/#\/schema\/logo\/image\/\"},\"sameAs\":[\"https:\/\/www.facebook.com\/roudrill\/\",\"https:\/\/www.instagram.com\/roudrill\/\",\"https:\/\/www.youtube.com\/@roudrill4788\/\",\"https:\/\/www.linkedin.com\/company\/roudrill-maquinas-e-automacao-industrial\/\"]}]}<\/script>\n<!-- \/ Yoast SEO plugin. -->","yoast_head_json":{"title":"Sobre a Roudrill - Roudrill | M\u00e1quinas de Corte de Chaves Automotivas","description":"A Roudrill \u00e9 uma ind\u00fastria especializada na fabrica\u00e7\u00e3o de m\u00e1quinas de corte de chaves automotivas, a MICRO X!","robots":{"index":"index","follow":"follow","max-snippet":"max-snippet:-1","max-image-preview":"max-image-preview:large","max-video-preview":"max-video-preview:-1"},"canonical":"https:\/\/roudrill.com.br\/index.php\/sobre-a-roudrill\/","og_locale":"pt_BR","og_type":"article","og_title":"Sobre a Roudrill - Roudrill | M\u00e1quinas de Corte de Chaves Automotivas","og_description":"A Roudrill \u00e9 uma ind\u00fastria especializada na fabrica\u00e7\u00e3o de m\u00e1quinas de corte de chaves automotivas, a MICRO X!","og_url":"https:\/\/roudrill.com.br\/index.php\/sobre-a-roudrill\/","og_site_name":"Roudrill | M\u00e1quinas de Corte de Chaves Automotivas","article_publisher":"https:\/\/www.facebook.com\/roudrill\/","article_modified_time":"2026-03-19T17:36:08+00:00","twitter_card":"summary_large_image","twitter_misc":{"Est. tempo de leitura":"3 minutos"},"schema":{"@context":"https:\/\/schema.org","@graph":[{"@type":"WebPage","@id":"https:\/\/roudrill.com.br\/index.php\/sobre-a-roudrill\/","url":"https:\/\/roudrill.com.br\/index.php\/sobre-a-roudrill\/","name":"Sobre a Roudrill - Roudrill | M\u00e1quinas de Corte de Chaves Automotivas","isPartOf":{"@id":"https:\/\/roudrill.com.br\/#website"},"datePublished":"2023-03-24T10:41:59+00:00","dateModified":"2026-03-19T17:36:08+00:00","description":"A Roudrill \u00e9 uma ind\u00fastria especializada na fabrica\u00e7\u00e3o de m\u00e1quinas de corte de chaves automotivas, a MICRO X!","breadcrumb":{"@id":"https:\/\/roudrill.com.br\/index.php\/sobre-a-roudrill\/#breadcrumb"},"inLanguage":"pt-BR","potentialAction":[{"@type":"ReadAction","target":["https:\/\/roudrill.com.br\/index.php\/sobre-a-roudrill\/"]}]},{"@type":"BreadcrumbList","@id":"https:\/\/roudrill.com.br\/index.php\/sobre-a-roudrill\/#breadcrumb","itemListElement":[{"@type":"ListItem","position":1,"name":"In\u00edcio","item":"https:\/\/roudrill.com.br\/"},{"@type":"ListItem","position":2,"name":"Sobre a Roudrill"}]},{"@type":"WebSite","@id":"https:\/\/roudrill.com.br\/#website","url":"https:\/\/roudrill.com.br\/","name":"Roudrill M\u00e1quinas de Corte de Chaves Automotivas","description":"M\u00e1quinas de Corte de Chaves Automotivas","publisher":{"@id":"https:\/\/roudrill.com.br\/#organization"},"potentialAction":[{"@type":"SearchAction","target":{"@type":"EntryPoint","urlTemplate":"https:\/\/roudrill.com.br\/?s={search_term_string}"},"query-input":"required name=search_term_string"}],"inLanguage":"pt-BR"},{"@type":"Organization","@id":"https:\/\/roudrill.com.br\/#organization","name":"Roudrill M\u00e1quinas de Corte de Chaves Automotivas","url":"https:\/\/roudrill.com.br\/","logo":{"@type":"ImageObject","inLanguage":"pt-BR","@id":"https:\/\/roudrill.com.br\/#\/schema\/logo\/image\/","url":"https:\/\/roudrill.com.br\/wp-content\/uploads\/2023\/02\/logo_roudrill_final.png","contentUrl":"https:\/\/roudrill.com.br\/wp-content\/uploads\/2023\/02\/logo_roudrill_final.png","width":200,"height":81,"caption":"Roudrill M\u00e1quinas de Corte de Chaves Automotivas"},"image":{"@id":"https:\/\/roudrill.com.br\/#\/schema\/logo\/image\/"},"sameAs":["https:\/\/www.facebook.com\/roudrill\/","https:\/\/www.instagram.com\/roudrill\/","https:\/\/www.youtube.com\/@roudrill4788\/","https:\/\/www.linkedin.com\/company\/roudrill-maquinas-e-automacao-industrial\/"]}]}},"jetpack_sharing_enabled":true,"_links":{"self":[{"href":"https:\/\/roudrill.com.br\/index.php\/wp-json\/wp\/v2\/pages\/2279","targetHints":{"allow":["GET"]}}],"collection":[{"href":"https:\/\/roudrill.com.br\/index.php\/wp-json\/wp\/v2\/pages"}],"about":[{"href":"https:\/\/roudrill.com.br\/index.php\/wp-json\/wp\/v2\/types\/page"}],"author":[{"embeddable":true,"href":"https:\/\/roudrill.com.br\/index.php\/wp-json\/wp\/v2\/users\/1"}],"replies":[{"embeddable":true,"href":"https:\/\/roudrill.com.br\/index.php\/wp-json\/wp\/v2\/comments?post=2279"}],"version-history":[{"count":29,"href":"https:\/\/roudrill.com.br\/index.php\/wp-json\/wp\/v2\/pages\/2279\/revisions"}],"predecessor-version":[{"id":2660,"href":"https:\/\/roudrill.com.br\/index.php\/wp-json\/wp\/v2\/pages\/2279\/revisions\/2660"}],"wp:attachment":[{"href":"https:\/\/roudrill.com.br\/index.php\/wp-json\/wp\/v2\/media?parent=2279"}],"curies":[{"name":"wp","href":"https:\/\/api.w.org\/{rel}","templated":true}]}}