{"id":2296,"date":"2023-03-24T10:16:03","date_gmt":"2023-03-24T13:16:03","guid":{"rendered":"https:\/\/roudrill.com.br\/?page_id=2296"},"modified":"2025-11-13T15:23:01","modified_gmt":"2025-11-13T18:23:01","slug":"contato","status":"publish","type":"page","link":"https:\/\/roudrill.com.br\/index.php\/contato\/","title":{"rendered":"Contato"},"content":{"rendered":"<p>[vc_row full_width=&#8221;stretch_row_content_no_spaces&#8221; content_placement=&#8221;middle&#8221; parallax=&#8221;content-moving&#8221; parallax_image=&#8221;2300&#8243; parallax_speed_bg=&#8221;2.5&#8243;][vc_column][vc_empty_space height=&#8221;50px&#8221;][vc_empty_space height=&#8221;50px&#8221;][vc_empty_space height=&#8221;50px&#8221;][vc_custom_heading text=&#8221;CONTATO&#8221; font_container=&#8221;tag:h2|font_size:45|text_align:center|color:%23ffffff&#8221; use_theme_fonts=&#8221;yes&#8221; css=&#8221;.vc_custom_1679670137353{padding-top: 50px !important;padding-bottom: 50px !important;}&#8221;][\/vc_column][\/vc_row][vc_row full_width=&#8221;stretch_row_content_no_spaces&#8221; content_placement=&#8221;middle&#8221;][vc_column][vc_custom_heading text=&#8221;Entre em contato conosco, Ser\u00e1 um prazer atend\u00ea-lo!&#8221; font_container=&#8221;tag:h2|font_size:28|text_align:center|color:%231e73be&#8221; use_theme_fonts=&#8221;yes&#8221; css=&#8221;.vc_custom_1679670837971{padding-top: 50px !important;padding-bottom: 50px !important;}&#8221;][vc_separator color=&#8221;custom&#8221; border_width=&#8221;5&#8243; el_width=&#8221;10&#8243; accent_color=&#8221;#2b8ce4&#8243;]<section  class=\"contact style-1 vc_custom_1763058177407\"><div class=\"container\"><div class=\"row\"><div class=\"col-md-12\"><\/div><\/div><div class=\"row\"><div class=\"col-md-4 contact_info\"><div class=\"info phone\"><i class=\"iconi icon-Phone2\" ><\/i><h5>WHATSAPP<\/h5><p>(11) 99405-8845 \/ (11) 94391-6836<\/p><\/div><div class=\"info phone\"><i class=\"iconi icon-Pointer\" ><\/i><h5>ENDERE\u00c7O<\/h5><p>R. Girassol, 288 - Lot. Industrial Coral, Mau\u00e1 - SP, 09372-030<\/p><\/div><div class=\"info phone\"><i class=\"iconi icon-Mail\" ><\/i><h5>E-MAIL<\/h5><p>contato@roudrill.com \/ comercial@roudrill.com<\/p><\/div><\/div><div class=\"col-md-8 form-rounded\"><\/p>\n<p style=\"text-align: center;\">Quer enviar suas informa\u00e7\u00f5es de cadastro para a Roudrill?<br \/>\nPreencha seus dados abaixo!<\/p>\n<div id=\"contato-bd4fa755b4a0f375a9e5\" role=\"main\"><\/div>\n<p><script type=\"text\/javascript\" src=\"https:\/\/d335luupugsy2.cloudfront.net\/js\/rdstation-forms\/stable\/rdstation-forms.min.js\"><\/script><script type=\"text\/javascript\"> new RDStationForms('contato-bd4fa755b4a0f375a9e5', 'UA-126120402-1').createForm();<\/script><\/div><\/div><\/div><\/section>[vc_gmaps link=&#8221;#E-8_JTNDaWZyYW1lJTIwc3JjJTNEJTIyaHR0cHMlM0ElMkYlMkZ3d3cuZ29vZ2xlLmNvbSUyRm1hcHMlMkZlbWJlZCUzRnBiJTNEJTIxMW0xNCUyMTFtOCUyMTFtMyUyMTFkMTQ2MTIuOTgzNDQ5MTQ2NDU3JTIxMmQtNDYuNDYzNzk1NSUyMTNkLTIzLjcwMjkxMjYlMjEzbTIlMjExaTEwMjQlMjEyaTc2OCUyMTRmMTMuMSUyMTNtMyUyMTFtMiUyMTFzMHg5NGNlNmJiYmZjM2YyOTJmJTI1M0EweGJjNWExNDFkMjIyZGQ5NTYlMjEyc1JvdWRyaWxsJTIxNWUwJTIxM20yJTIxMXNwdC1CUiUyMTJzYnIlMjE0djE2Nzk2NjQ3NjczNzUlMjE1bTIlMjExc3B0LUJSJTIxMnNiciUyMiUyMHdpZHRoJTNEJTIyNjAwJTIyJTIwaGVpZ2h0JTNEJTIyNDUwJTIyJTIwc3R5bGUlM0QlMjJib3JkZXIlM0EwJTNCJTIyJTIwYWxsb3dmdWxsc2NyZWVuJTNEJTIyJTIyJTIwbG9hZGluZyUzRCUyMmxhenklMjIlMjByZWZlcnJlcnBvbGljeSUzRCUyMm5vLXJlZmVycmVyLXdoZW4tZG93bmdyYWRlJTIyJTNFJTNDJTJGaWZyYW1lJTNF&#8221; css=&#8221;.vc_custom_1679686028777{margin-top: 0px !important;margin-bottom: 0px !important;border-top-width: 0px !important;padding-bottom: 0px !important;}&#8221;][\/vc_column][\/vc_row]<\/p>\n","protected":false},"excerpt":{"rendered":"<p>[vc_row full_width=&#8221;stretch_row_content_no_spaces&#8221; content_placement=&#8221;middle&#8221; parallax=&#8221;content-moving&#8221; parallax_image=&#8221;2300&#8243; parallax_speed_bg=&#8221;2.5&#8243;][vc_column][vc_empty_space height=&#8221;50px&#8221;][vc_empty_space height=&#8221;50px&#8221;][vc_empty_space height=&#8221;50px&#8221;][vc_custom_heading text=&#8221;CONTATO&#8221; font_container=&#8221;tag:h2|font_size:45|text_align:center|color:%23ffffff&#8221; use_theme_fonts=&#8221;yes&#8221; css=&#8221;.vc_custom_1679670137353{padding-top: 50px !important;padding-bottom: 50px !important;}&#8221;][\/vc_column][\/vc_row][vc_row full_width=&#8221;stretch_row_content_no_spaces&#8221; content_placement=&#8221;middle&#8221;][vc_column][vc_custom_heading text=&#8221;Entre em contato conosco, Ser\u00e1 um prazer atend\u00ea-lo!&#8221; font_container=&#8221;tag:h2|font_size:28|text_align:center|color:%231e73be&#8221; use_theme_fonts=&#8221;yes&#8221; css=&#8221;.vc_custom_1679670837971{padding-top: 50px !important;padding-bottom: 50px !important;}&#8221;][vc_separator color=&#8221;custom&#8221; border_width=&#8221;5&#8243; el_width=&#8221;10&#8243; accent_color=&#8221;#2b8ce4&#8243;][vc_gmaps link=&#8221;#E-8_JTNDaWZyYW1lJTIwc3JjJTNEJTIyaHR0cHMlM0ElMkYlMkZ3d3cuZ29vZ2xlLmNvbSUyRm1hcHMlMkZlbWJlZCUzRnBiJTNEJTIxMW0xNCUyMTFtOCUyMTFtMyUyMTFkMTQ2MTIuOTgzNDQ5MTQ2NDU3JTIxMmQtNDYuNDYzNzk1NSUyMTNkLTIzLjcwMjkxMjYlMjEzbTIlMjExaTEwMjQlMjEyaTc2OCUyMTRmMTMuMSUyMTNtMyUyMTFtMiUyMTFzMHg5NGNlNmJiYmZjM2YyOTJmJTI1M0EweGJjNWExNDFkMjIyZGQ5NTYlMjEyc1JvdWRyaWxsJTIxNWUwJTIxM20yJTIxMXNwdC1CUiUyMTJzYnIlMjE0djE2Nzk2NjQ3NjczNzUlMjE1bTIlMjExc3B0LUJSJTIxMnNiciUyMiUyMHdpZHRoJTNEJTIyNjAwJTIyJTIwaGVpZ2h0JTNEJTIyNDUwJTIyJTIwc3R5bGUlM0QlMjJib3JkZXIlM0EwJTNCJTIyJTIwYWxsb3dmdWxsc2NyZWVuJTNEJTIyJTIyJTIwbG9hZGluZyUzRCUyMmxhenklMjIlMjByZWZlcnJlcnBvbGljeSUzRCUyMm5vLXJlZmVycmVyLXdoZW4tZG93bmdyYWRlJTIyJTNFJTNDJTJGaWZyYW1lJTNF&#8221; css=&#8221;.vc_custom_1679686028777{margin-top: 0px !important;margin-bottom: 0px !important;border-top-width: 0px !important;padding-bottom: 0px !important;}&#8221;][\/vc_column][\/vc_row]<\/p>\n","protected":false},"author":1,"featured_media":0,"parent":0,"menu_order":0,"comment_status":"closed","ping_status":"closed","template":"one-page-template.php","meta":{"footnotes":""},"class_list":["post-2296","page","type-page","status-publish","hentry"],"yoast_head":"<!-- This site is optimized with the Yoast SEO plugin v20.3 - https:\/\/yoast.com\/wordpress\/plugins\/seo\/ -->\n<title>Contato - Roudrill | M\u00e1quinas de Corte de Chaves Automotivas<\/title>\n<meta name=\"description\" content=\"A Roudrill \u00e9 uma ind\u00fastria especializada na fabrica\u00e7\u00e3o de m\u00e1quinas de corte de chaves automotivas, a MICRO X!\" \/>\n<meta name=\"robots\" content=\"index, follow, max-snippet:-1, max-image-preview:large, max-video-preview:-1\" \/>\n<link rel=\"canonical\" href=\"https:\/\/roudrill.com.br\/index.php\/contato\/\" \/>\n<meta property=\"og:locale\" content=\"pt_BR\" \/>\n<meta property=\"og:type\" content=\"article\" \/>\n<meta property=\"og:title\" content=\"Contato - Roudrill | M\u00e1quinas de Corte de Chaves Automotivas\" \/>\n<meta property=\"og:description\" content=\"A Roudrill \u00e9 uma ind\u00fastria especializada na fabrica\u00e7\u00e3o de m\u00e1quinas de corte de chaves automotivas, a MICRO X!\" \/>\n<meta property=\"og:url\" content=\"https:\/\/roudrill.com.br\/index.php\/contato\/\" \/>\n<meta property=\"og:site_name\" content=\"Roudrill | M\u00e1quinas de Corte de Chaves Automotivas\" \/>\n<meta property=\"article:publisher\" content=\"https:\/\/www.facebook.com\/roudrill\/\" \/>\n<meta property=\"article:modified_time\" content=\"2025-11-13T18:23:01+00:00\" \/>\n<meta name=\"twitter:card\" content=\"summary_large_image\" \/>\n<meta name=\"twitter:label1\" content=\"Est. tempo de leitura\" \/>\n\t<meta name=\"twitter:data1\" content=\"1 minuto\" \/>\n<script type=\"application\/ld+json\" class=\"yoast-schema-graph\">{\"@context\":\"https:\/\/schema.org\",\"@graph\":[{\"@type\":\"WebPage\",\"@id\":\"https:\/\/roudrill.com.br\/index.php\/contato\/\",\"url\":\"https:\/\/roudrill.com.br\/index.php\/contato\/\",\"name\":\"Contato - Roudrill | M\u00e1quinas de Corte de Chaves Automotivas\",\"isPartOf\":{\"@id\":\"https:\/\/roudrill.com.br\/#website\"},\"datePublished\":\"2023-03-24T13:16:03+00:00\",\"dateModified\":\"2025-11-13T18:23:01+00:00\",\"description\":\"A Roudrill \u00e9 uma ind\u00fastria especializada na fabrica\u00e7\u00e3o de m\u00e1quinas de corte de chaves automotivas, a MICRO X!\",\"breadcrumb\":{\"@id\":\"https:\/\/roudrill.com.br\/index.php\/contato\/#breadcrumb\"},\"inLanguage\":\"pt-BR\",\"potentialAction\":[{\"@type\":\"ReadAction\",\"target\":[\"https:\/\/roudrill.com.br\/index.php\/contato\/\"]}]},{\"@type\":\"BreadcrumbList\",\"@id\":\"https:\/\/roudrill.com.br\/index.php\/contato\/#breadcrumb\",\"itemListElement\":[{\"@type\":\"ListItem\",\"position\":1,\"name\":\"In\u00edcio\",\"item\":\"https:\/\/roudrill.com.br\/\"},{\"@type\":\"ListItem\",\"position\":2,\"name\":\"Contato\"}]},{\"@type\":\"WebSite\",\"@id\":\"https:\/\/roudrill.com.br\/#website\",\"url\":\"https:\/\/roudrill.com.br\/\",\"name\":\"Roudrill M\u00e1quinas de Corte de Chaves Automotivas\",\"description\":\"M\u00e1quinas de Corte de Chaves Automotivas\",\"publisher\":{\"@id\":\"https:\/\/roudrill.com.br\/#organization\"},\"potentialAction\":[{\"@type\":\"SearchAction\",\"target\":{\"@type\":\"EntryPoint\",\"urlTemplate\":\"https:\/\/roudrill.com.br\/?s={search_term_string}\"},\"query-input\":\"required name=search_term_string\"}],\"inLanguage\":\"pt-BR\"},{\"@type\":\"Organization\",\"@id\":\"https:\/\/roudrill.com.br\/#organization\",\"name\":\"Roudrill M\u00e1quinas de Corte de Chaves Automotivas\",\"url\":\"https:\/\/roudrill.com.br\/\",\"logo\":{\"@type\":\"ImageObject\",\"inLanguage\":\"pt-BR\",\"@id\":\"https:\/\/roudrill.com.br\/#\/schema\/logo\/image\/\",\"url\":\"https:\/\/roudrill.com.br\/wp-content\/uploads\/2023\/02\/logo_roudrill_final.png\",\"contentUrl\":\"https:\/\/roudrill.com.br\/wp-content\/uploads\/2023\/02\/logo_roudrill_final.png\",\"width\":200,\"height\":81,\"caption\":\"Roudrill M\u00e1quinas de Corte de Chaves Automotivas\"},\"image\":{\"@id\":\"https:\/\/roudrill.com.br\/#\/schema\/logo\/image\/\"},\"sameAs\":[\"https:\/\/www.facebook.com\/roudrill\/\",\"https:\/\/www.instagram.com\/roudrill\/\",\"https:\/\/www.youtube.com\/@roudrill4788\/\",\"https:\/\/www.linkedin.com\/company\/roudrill-maquinas-e-automacao-industrial\/\"]}]}<\/script>\n<!-- \/ Yoast SEO plugin. -->","yoast_head_json":{"title":"Contato - Roudrill | M\u00e1quinas de Corte de Chaves Automotivas","description":"A Roudrill \u00e9 uma ind\u00fastria especializada na fabrica\u00e7\u00e3o de m\u00e1quinas de corte de chaves automotivas, a MICRO X!","robots":{"index":"index","follow":"follow","max-snippet":"max-snippet:-1","max-image-preview":"max-image-preview:large","max-video-preview":"max-video-preview:-1"},"canonical":"https:\/\/roudrill.com.br\/index.php\/contato\/","og_locale":"pt_BR","og_type":"article","og_title":"Contato - Roudrill | M\u00e1quinas de Corte de Chaves Automotivas","og_description":"A Roudrill \u00e9 uma ind\u00fastria especializada na fabrica\u00e7\u00e3o de m\u00e1quinas de corte de chaves automotivas, a MICRO X!","og_url":"https:\/\/roudrill.com.br\/index.php\/contato\/","og_site_name":"Roudrill | M\u00e1quinas de Corte de Chaves Automotivas","article_publisher":"https:\/\/www.facebook.com\/roudrill\/","article_modified_time":"2025-11-13T18:23:01+00:00","twitter_card":"summary_large_image","twitter_misc":{"Est. tempo de leitura":"1 minuto"},"schema":{"@context":"https:\/\/schema.org","@graph":[{"@type":"WebPage","@id":"https:\/\/roudrill.com.br\/index.php\/contato\/","url":"https:\/\/roudrill.com.br\/index.php\/contato\/","name":"Contato - Roudrill | M\u00e1quinas de Corte de Chaves Automotivas","isPartOf":{"@id":"https:\/\/roudrill.com.br\/#website"},"datePublished":"2023-03-24T13:16:03+00:00","dateModified":"2025-11-13T18:23:01+00:00","description":"A Roudrill \u00e9 uma ind\u00fastria especializada na fabrica\u00e7\u00e3o de m\u00e1quinas de corte de chaves automotivas, a MICRO X!","breadcrumb":{"@id":"https:\/\/roudrill.com.br\/index.php\/contato\/#breadcrumb"},"inLanguage":"pt-BR","potentialAction":[{"@type":"ReadAction","target":["https:\/\/roudrill.com.br\/index.php\/contato\/"]}]},{"@type":"BreadcrumbList","@id":"https:\/\/roudrill.com.br\/index.php\/contato\/#breadcrumb","itemListElement":[{"@type":"ListItem","position":1,"name":"In\u00edcio","item":"https:\/\/roudrill.com.br\/"},{"@type":"ListItem","position":2,"name":"Contato"}]},{"@type":"WebSite","@id":"https:\/\/roudrill.com.br\/#website","url":"https:\/\/roudrill.com.br\/","name":"Roudrill M\u00e1quinas de Corte de Chaves Automotivas","description":"M\u00e1quinas de Corte de Chaves Automotivas","publisher":{"@id":"https:\/\/roudrill.com.br\/#organization"},"potentialAction":[{"@type":"SearchAction","target":{"@type":"EntryPoint","urlTemplate":"https:\/\/roudrill.com.br\/?s={search_term_string}"},"query-input":"required name=search_term_string"}],"inLanguage":"pt-BR"},{"@type":"Organization","@id":"https:\/\/roudrill.com.br\/#organization","name":"Roudrill M\u00e1quinas de Corte de Chaves Automotivas","url":"https:\/\/roudrill.com.br\/","logo":{"@type":"ImageObject","inLanguage":"pt-BR","@id":"https:\/\/roudrill.com.br\/#\/schema\/logo\/image\/","url":"https:\/\/roudrill.com.br\/wp-content\/uploads\/2023\/02\/logo_roudrill_final.png","contentUrl":"https:\/\/roudrill.com.br\/wp-content\/uploads\/2023\/02\/logo_roudrill_final.png","width":200,"height":81,"caption":"Roudrill M\u00e1quinas de Corte de Chaves Automotivas"},"image":{"@id":"https:\/\/roudrill.com.br\/#\/schema\/logo\/image\/"},"sameAs":["https:\/\/www.facebook.com\/roudrill\/","https:\/\/www.instagram.com\/roudrill\/","https:\/\/www.youtube.com\/@roudrill4788\/","https:\/\/www.linkedin.com\/company\/roudrill-maquinas-e-automacao-industrial\/"]}]}},"jetpack_sharing_enabled":true,"_links":{"self":[{"href":"https:\/\/roudrill.com.br\/index.php\/wp-json\/wp\/v2\/pages\/2296","targetHints":{"allow":["GET"]}}],"collection":[{"href":"https:\/\/roudrill.com.br\/index.php\/wp-json\/wp\/v2\/pages"}],"about":[{"href":"https:\/\/roudrill.com.br\/index.php\/wp-json\/wp\/v2\/types\/page"}],"author":[{"embeddable":true,"href":"https:\/\/roudrill.com.br\/index.php\/wp-json\/wp\/v2\/users\/1"}],"replies":[{"embeddable":true,"href":"https:\/\/roudrill.com.br\/index.php\/wp-json\/wp\/v2\/comments?post=2296"}],"version-history":[{"count":43,"href":"https:\/\/roudrill.com.br\/index.php\/wp-json\/wp\/v2\/pages\/2296\/revisions"}],"predecessor-version":[{"id":2657,"href":"https:\/\/roudrill.com.br\/index.php\/wp-json\/wp\/v2\/pages\/2296\/revisions\/2657"}],"wp:attachment":[{"href":"https:\/\/roudrill.com.br\/index.php\/wp-json\/wp\/v2\/media?parent=2296"}],"curies":[{"name":"wp","href":"https:\/\/api.w.org\/{rel}","templated":true}]}}