{"id":2307,"date":"2023-03-24T11:23:45","date_gmt":"2023-03-24T14:23:45","guid":{"rendered":"https:\/\/roudrill.com.br\/?page_id=2307"},"modified":"2023-03-27T11:24:47","modified_gmt":"2023-03-27T14:24:47","slug":"micro-x","status":"publish","type":"page","link":"https:\/\/roudrill.com.br\/index.php\/micro-x\/","title":{"rendered":"Micro X"},"content":{"rendered":"<p>[vc_row][vc_column]<section id=\"home\" class=\"hero style-1  vc_custom_1679671241379\"><div class=\"overlay\" style=\"background-color:rgba(7,124,230,0.51)!important;\"><\/div><div class=\"container\"><div class=\"row content\"><div class=\"col-md-5 col-md-push-7 vam ui_wrapper\"><img decoding=\"async\" src=\"https:\/\/roudrill.com.br\/wp-content\/uploads\/2023\/03\/Micro-X-Editada-Atualizada.png\" class=\"animated\" alt=\"ui\"><\/div><div class=\"col-md-7 col-md-pull-5 vam text text-left\"><h1 class=\"animated\">MICRO X<\/h1><h4 class=\"animated\">A menor e melhor ma\u0301quina de corte de chaves automotivas<\/h4><p class=\"description animated\">Conhe\u00e7a todas as vantagens que ela pode te oferecer!<\/p><a href=\"https:\/\/wa.me\/5511943916836?text=Quero+a+minha+MICRO+X%21+Pode+me+ajudar%3F\"  target=\"_blank\" class=\"rectangle btn_acele btn_white animated\" >Pe\u00e7a j\u00e1 a sua!<\/a><\/div><\/div><\/div><\/section>[\/vc_column][\/vc_row][vc_row full_width=&#8221;stretch_row_content_no_spaces&#8221; content_placement=&#8221;middle&#8221;][vc_column][vc_empty_space][vc_empty_space][vc_custom_heading text=&#8221;MICRO X. TECNOLOGIA E LUCRATIVIDADE PARA SEU NEG\u00d3CIO&#8221; font_container=&#8221;tag:h2|font_size:25|text_align:center|color:%232b8ce4&#8243; use_theme_fonts=&#8221;yes&#8221;][vc_separator color=&#8221;custom&#8221; border_width=&#8221;5&#8243; el_width=&#8221;10&#8243; accent_color=&#8221;#2b8ce4&#8243;][\/vc_column][\/vc_row][vc_row full_width=&#8221;stretch_row_content_no_spaces&#8221; content_placement=&#8221;middle&#8221;][vc_column width=&#8221;1\/6&#8243;][vc_empty_space][\/vc_column][vc_column width=&#8221;2\/3&#8243;][vc_column_text]<\/p>\n<p style=\"text-align: center;\">A Roudrill, sempre antenada a todas as inova\u00e7\u00f5es do mercado automotivo e comprometida em criar solu\u00e7\u00f5es inovadoras, criou a <strong>MICRO X<\/strong>, uma m\u00e1quina de <strong>ALTA TECNOLOGIA, PERFORMANCE e EFICI\u00caNCIA<\/strong> para corte e c\u00f3pia de chaves automotivas pantogr\u00e1ficas e yales.<\/p>\n<p style=\"text-align: center;\">Com a evoluc\u0327a\u0303o dos processos de seguranc\u0327a, os segredos das chaves se tornaram mais complexos e difi\u0301ceis de serem clonados. Essa pra\u0301tica gerou a demanda de ma\u0301quinas de corte e c\u00f3pia de chaves com maior qualidade e aprimoramento das te\u0301cnicas que supram as necessidades dos profissionais chaveiros e outros profissionais.<\/p>\n<p style=\"text-align: center;\"><strong>Pequena, mas com benef\u00edcios gigantescos!<\/strong><\/p>\n<p style=\"text-align: center;\">A <strong>MICRO X<\/strong> \u00e9 compacta e mede 22,6cm X 30,5cm! Al\u00e9m de facilitar o transporte e trazer praticidade para seu dia a dia, ela \u00e9 considerada a solu\u00e7\u00e3o mais moderna do mercado por realizar cortes e c\u00f3pias de chaves com a m\u00e1xima precis\u00e3o em sua reprodu\u00e7\u00e3o, proporcionando um trabalho eficiente e perfeito, livre de rebarbas.<\/p>\n<p>[\/vc_column_text][\/vc_column][vc_column width=&#8221;1\/6&#8243;][\/vc_column][\/vc_row][vc_row css=&#8221;.vc_custom_1679615537087{background-color: rgba(43,140,228,0.92) !important;*background-color: rgb(43,140,228) !important;}&#8221;][vc_column video_bg=&#8221;yes&#8221; video_bg_url=&#8221;https:\/\/www.youtube.com\/watch?v=V94p62jdVu8&#8243; video_bg_parallax=&#8221;content-moving-fade&#8221;]<section id=\"video\" class=\"video\"><div class=\"overlay\" style=\"background-color:rgba(43,140,228,0.92)!important;\"><\/div><div class=\"container\"><div class=\"row\"><div class=\"col-md-8 col-md-offset-2\"><a href=\"#0\" class=\"open_video\"><i class=\"iconi icon-Play\"><\/i><\/a><h4 >Assista o v\u00eddeo da MICRO X <span ><\/span><\/h4><p>Todas as caracter\u00edsticas desse equipamento mostram que o investimento em uma m\u00e1quina MICRO X \u00e9 compensador, afinal os benef\u00edcios s\u00e3o in\u00fameros! Com um sistema de 3 eixos esta \u00e9 a m\u00e1quina mais indicada para a fabrica\u00e7\u00e3o de chaves nos padr\u00f5es brasileiros e internacionais<\/p><\/div><\/div><\/div><\/section>[\/vc_column][\/vc_row][vc_row css=&#8221;.vc_custom_1679612942520{background-color: #f7f7f7 !important;}&#8221;][vc_column][vc_empty_space][vc_empty_space][vc_custom_heading text=&#8221;MICRO X. A m\u00e1quina de corte de chaves automotivas da Roudrill&#8221; font_container=&#8221;tag:h2|font_size:25|text_align:center|color:%232b8ce4&#8243; use_theme_fonts=&#8221;yes&#8221;][vc_separator color=&#8221;custom&#8221; border_width=&#8221;5&#8243; el_width=&#8221;10&#8243; accent_color=&#8221;#2b8ce4&#8243;]<section id=\"device\" class=\"devices\"><div class=\"devices_image\" style=\"margin-top: -260.5px;\"><img decoding=\"async\" src=\"https:\/\/roudrill.com.br\/wp-content\/uploads\/2023\/03\/microx-roudrill2-1.png\" alt=\"Micro X\"><\/div><div class=\"container\"><div class=\"row\"><div class=\"col-md-7 col-md-offset-5\"><h2 class=\"animated\" >MULTIPLE <span >DEVICES<\/span><\/h2><div class=\"device\"><i class=\"iconi icon-flag\" ><\/i><h5>QUALIDADE DE UMA EMPRESA 100% BRASILEIRA<\/h5><p>O servic\u0327o de co\u0301pia de chaves e\u0301 algo muito comum, e por isso e\u0301 muito importante que a co\u0301pia seja exatamente igual a\u0300 chave original, para que seu cliente na\u0303o encontre problemas durante o uso.\nPara garantir uma co\u0301pia ide\u0302ntica, recomenda-se o uso de uma copiadora de chave automa\u0301tica, que atende a todas as necessidades com precisa\u0303o e profissionalismo.<\/p><\/div><div class=\"device\"><i class=\"iconi icon-car\" ><\/i><h5>MICRO X. A COPIADORA PENSADA PARA ATENDER O MERCADO<\/h5><p>Com a evoluc\u0327a\u0303o dos processos de seguranc\u0327a, os segredos das chaves se tornaram mais complexos e difi\u0301ceis de serem clonados. Essa pra\u0301tica gerou a demanda de ma\u0301quinas copiadoras de chaves com maior qualidade e aprimoramento das te\u0301cnicas que suprem as necessidades dos profissionais chaveiros e consequentemente, de seus respectivos clientes.<\/p><\/div><div class=\"device\"><i class=\"iconi icon-car\" ><\/i><h5>MICRO X. COMPACTA E EFICIENTE<\/h5><p>Ale\u0301m de todos estes benefi\u0301cios, a MICRO X apresenta inu\u0301meras possibilidades ao profissional, como por exemplo, seu transporte ate\u0301 o local de atendimento, facilitando a vida do cliente e abrindo um leque de opc\u0327o\u0303es para o profissional chaveiro, que conseguira\u0301 atender com mais agilidade e em diversas localizac\u0327o\u0303es.<\/p><\/div><\/div><\/div><\/div><\/section>[vc_empty_space][vc_empty_space][\/vc_column][\/vc_row][vc_row full_width=&#8221;stretch_row_content_no_spaces&#8221; content_placement=&#8221;middle&#8221;][vc_column][vc_empty_space][vc_empty_space][vc_custom_heading text=&#8221;CONFIRA OS DIFERENCIAIS DA MICRO X&#8221; font_container=&#8221;tag:h2|font_size:25|text_align:center|color:%232b8ce4&#8243; use_theme_fonts=&#8221;yes&#8221;][vc_separator color=&#8221;custom&#8221; border_width=&#8221;5&#8243; el_width=&#8221;10&#8243; accent_color=&#8221;#2b8ce4&#8243;][\/vc_column][\/vc_row][vc_row full_width=&#8221;stretch_row_content_no_spaces&#8221; content_placement=&#8221;middle&#8221;][vc_column width=&#8221;1\/6&#8243;][vc_empty_space][\/vc_column][vc_column width=&#8221;2\/3&#8243;][vc_column_text]<\/p>\n<p style=\"text-align: center;\">Confira todas as vantagens e diferenciais que a <a href=\"https:\/\/materiais.roudrill.com.br\/micro-x\">MICRO X<\/a> pode oferecer para que voc\u00ea tenha muito mais lucro. Pesquisas com os nossos clientes apontam que o retorno sobre o investimento na m\u00e1quina pode vir de 6 a 12 meses, podendo variar para menos, dependendo do volume de clientes que voc\u00ea atende mensalmente.<\/p>\n<p>[\/vc_column_text][\/vc_column][vc_column width=&#8221;1\/6&#8243;][\/vc_column][\/vc_row][vc_row css=&#8221;.vc_custom_1679613690770{margin-right: 80px !important;margin-left: 80px !important;border-right-width: 80px !important;border-left-width: 80px !important;padding-right: 80px !important;padding-left: 80px !important;}&#8221;][vc_column width=&#8221;1\/4&#8243; css=&#8221;.vc_custom_1679613754912{margin-right: 20px !important;margin-left: 20px !important;border-right-width: 20px !important;border-left-width: 20px !important;padding-right: 20px !important;padding-left: 20px !important;}&#8221;][vc_icon icon_fontawesome=&#8221;far fa-lightbulb&#8221; color=&#8221;custom&#8221; size=&#8221;lg&#8221; align=&#8221;center&#8221; css_animation=&#8221;fadeIn&#8221; custom_color=&#8221;#2b8ce4&#8243;][vc_custom_heading text=&#8221;NOVA<br \/>\nTECNOLOGIA&#8221; font_container=&#8221;tag:h2|font_size:18|text_align:center|color:%232b8ce4&#8243; use_theme_fonts=&#8221;yes&#8221;][vc_column_text]<\/p>\n<p style=\"text-align: center;\">A <a href=\"https:\/\/materiais.roudrill.com.br\/micro-x\">MICRO X<\/a> \u00e9 uma m\u00e1quina de corte de chaves automotivas pantogr\u00e1ficas yale com tecnologia de \u00faltima gera\u00e7\u00e3o.<\/p>\n<p>[\/vc_column_text][\/vc_column][vc_column width=&#8221;1\/4&#8243; css=&#8221;.vc_custom_1679613778249{margin-right: 20px !important;margin-left: 20px !important;border-right-width: 20px !important;border-left-width: 20px !important;padding-right: 20px !important;padding-left: 20px !important;}&#8221;][vc_icon icon_fontawesome=&#8221;fas fa-headset&#8221; color=&#8221;custom&#8221; size=&#8221;lg&#8221; align=&#8221;center&#8221; css_animation=&#8221;fadeIn&#8221; custom_color=&#8221;#2b8ce4&#8243;][vc_custom_heading text=&#8221;SUPORTE<br \/>\nT\u00c9CNICO&#8221; font_container=&#8221;tag:h2|font_size:18|text_align:center|color:%232b8ce4&#8243; use_theme_fonts=&#8221;yes&#8221;][vc_column_text]<\/p>\n<p style=\"text-align: center;\">Nosso p\u00f3s-venda est\u00e1 sempre a disposi\u00e7\u00e3o de nossos clientes para oferecer suporte sempre que necess\u00e1rio.<\/p>\n<p>[\/vc_column_text][\/vc_column][vc_column width=&#8221;1\/4&#8243; css=&#8221;.vc_custom_1679613796666{margin-right: 20px !important;margin-left: 20px !important;border-right-width: 20px !important;border-left-width: 20px !important;padding-right: 20px !important;padding-left: 20px !important;}&#8221;][vc_icon icon_fontawesome=&#8221;far fa-thumbs-up&#8221; color=&#8221;custom&#8221; size=&#8221;lg&#8221; align=&#8221;center&#8221; css_animation=&#8221;fadeIn&#8221; custom_color=&#8221;#2b8ce4&#8243;][vc_custom_heading text=&#8221;LUCRO<br \/>\nGARANTIDO&#8221; font_container=&#8221;tag:h2|font_size:18|text_align:center|color:%232b8ce4&#8243; use_theme_fonts=&#8221;yes&#8221;][vc_column_text]<\/p>\n<p style=\"text-align: center;\">Tenha retorno sobre o investimento de sua <a href=\"https:\/\/materiais.roudrill.com.br\/micro-x\">MICRO X<\/a> em at\u00e9 12 meses. A melhor forma de lucrar para seu neg\u00f3cio!<\/p>\n<p>[\/vc_column_text][\/vc_column][vc_column width=&#8221;1\/4&#8243; css=&#8221;.vc_custom_1679613812151{margin-right: 20px !important;margin-left: 20px !important;border-right-width: 20px !important;border-left-width: 20px !important;padding-right: 20px !important;padding-left: 20px !important;}&#8221;][vc_icon icon_fontawesome=&#8221;fas fa-laptop&#8221; color=&#8221;custom&#8221; size=&#8221;lg&#8221; align=&#8221;center&#8221; css_animation=&#8221;fadeIn&#8221; custom_color=&#8221;#2b8ce4&#8243;][vc_custom_heading text=&#8221;TRABALHO<br \/>\nEFICIENTE&#8221; font_container=&#8221;tag:h2|font_size:18|text_align:center|color:%232b8ce4&#8243; use_theme_fonts=&#8221;yes&#8221;][vc_column_text]<\/p>\n<p style=\"text-align: center;\">Trabalho r\u00e1pido e eficiente sem rebarbas e retrabalho. Satisfa\u00e7\u00e3o para seus clientes e muito mais dinheiro no bolso!<\/p>\n<p>[\/vc_column_text][\/vc_column][\/vc_row][vc_row css=&#8221;.vc_custom_1679701234028{background-color: rgba(15,74,128,0.8) !important;*background-color: rgb(15,74,128) !important;}&#8221;][vc_column parallax=&#8221;content-moving-fade&#8221; parallax_image=&#8221;2285&#8243;][vc_empty_space height=&#8221;400px&#8221;][\/vc_column][\/vc_row][vc_row css=&#8221;.vc_custom_1679701534600{background-color: #0f4a80 !important;}&#8221;][vc_column]<section id=\"download\" class=\"download\"><div class=\"container\"><div class=\"row\"><div class=\"col-md-8 col-md-offset-2\"><h4 ><span >Pe\u00e7a agora a sua<\/span> MICRO X!<\/h4><p>A MICRO X \u00e9 uma m\u00e1quina dotada de alta tecnologia com o objetivo de duplicar diversos tipos de chaves. Recomendada por sua efici\u00eancia e praticidade, permitindo realizar c\u00f3pias de chaves pantogr\u00e1ficas, yales automotivas e motos com muita precis\u00e3o, permitindo o atendimento remoto e o transporte sem dificuldades. Adquira agora mesmo a sua MICRO X com a melhor negocia\u00e7\u00e3o!<\/p><a  href=\"https:\/\/roudrill.com.br\/contato\/\" target=\"_blank\" class=\"apple btn_acele btn_stroke_white rectangle\">Fale Conosco<\/a><a  href=\"https:\/\/wa.me\/5511943916836?text=Quero+a+minha+MICRO+X%21+Pode+me+ajudar%3F\" target=\"_blank\" class=\"apple btn_acele btn_stroke_white rectangle\">Chame no Whatsapp<\/a><\/div><\/div><\/div><\/section>[vc_empty_space][\/vc_column][\/vc_row][vc_row][vc_column width=&#8221;1\/6&#8243; css=&#8221;.vc_custom_1679690447701{margin-right: 80px !important;margin-left: 80px !important;border-right-width: 80px !important;border-left-width: 80px !important;padding-right: 80px !important;padding-left: 80px !important;}&#8221;][\/vc_column][vc_column width=&#8221;2\/3&#8243;][vc_empty_space][vc_custom_heading text=&#8221;A EVOLU\u00c7\u00c3O DAS M\u00c1QUINAS DA ROUDRILL AO LONGO DO TEMPO&#8221; font_container=&#8221;tag:h2|font_size:25|text_align:center|color:%232b8ce4&#8243; use_theme_fonts=&#8221;yes&#8221;][vc_separator color=&#8221;custom&#8221; border_width=&#8221;5&#8243; el_width=&#8221;10&#8243; accent_color=&#8221;#2b8ce4&#8243;][\/vc_column][vc_column width=&#8221;1\/6&#8243;][\/vc_column][\/vc_row][vc_row][vc_column]<section id=\"screenshots\" class=\"screenshots vc_custom_1679927082253\"><div class=\"container\"><div class=\"row\"><div class=\"col-md-8\"><h3 class=\"animated\" >screen <span >shots<\/span><\/h3><div class=\"cycle-slideshow\"\n\t\t\t\t\t\t\tdata-cycle-fx=\"fade\"\n\t\t\t\t\t\t\tdata-cycle-swipe=\"true\"\n\t\t\t\t\t\t\tdata-cycle-timeout=\"7000\"\n\t\t\t\t\t\t\tdata-cycle-slides=\"> div\"\n\t\t\t\t\t\t\tdata-cycle-pager=\".bullets_screenshots\"\n\t\t\t\t\t\t\t><div class=\"row screen\"><div class=\"col-md-6 vam\"><h5>MICRO X - A MAIS MODERNA \/ 2019 at\u00e9 hoje<\/h5><p>A MICRO X \u00e9 a m\u00e1quina de corte e c\u00f3pia de chaves autom\u00e1tica mais moderna para chaveiros fabricada pela Roudrill, com a m\u00e1xima precis\u00e3o na reprodu\u00e7\u00e3o de chaves, proporcionando um trabalho eficiente, com um corte perfeito e livre de rebarbas. Possui estrutura compacta medindo 22,6cm X 30,5cm, facilitando seu transporte e trazendo facilidade para o dia a dia. <\/p><\/div><div class=\"col-md-6 vam image\"><img decoding=\"async\" src=\"https:\/\/roudrill.com.br\/wp-content\/uploads\/2023\/03\/maquinas.png\" alt=\"screen\"><\/div><\/div><div class=\"row screen\"><div class=\"col-md-6 vam\"><h5>TRIPLE MINI X - VERS\u00c3O 2 \/ 2016 - 2019<\/h5><p>Nesta vers\u00e3o 2 da Mini o projeto foi alterado dando a ela mais robustez para poder trabalhar dentro de vans e tamb\u00e9m surgiu o mordente universal, n\u00e3o precisando  mais de adaptadores<\/p><\/div><div class=\"col-md-6 vam image\"><img decoding=\"async\" src=\"https:\/\/roudrill.com.br\/wp-content\/uploads\/2023\/03\/maquinas2.png\" alt=\"screen\"><\/div><\/div><div class=\"row screen\"><div class=\"col-md-6 vam\"><h5>TRIPLE MINI X - VERS\u00c3O 1 \/ 2014 - 2016<\/h5><p>Neste ano, terminamos nossa parceria com a Chaves Gold e surgiu a necessidade de desenvolver um equipamento menor e mais competitivo para concorrer com as m\u00e1quinas chinesas que estavam chegando<\/p><\/div><div class=\"col-md-6 vam image\"><img decoding=\"async\" src=\"https:\/\/roudrill.com.br\/wp-content\/uploads\/2023\/03\/maquinas3.png\" alt=\"screen\"><\/div><\/div><div class=\"row screen\"><div class=\"col-md-6 vam\"><h5>TRIPLE SMART X \/ 2013 - 2014<\/h5><p>Nesta \u00e9poca existia um grande preconceito com rela\u00e7\u00e3o \u00e0s m\u00e1quinas Brasileiras. Por isso, desenvolvemos esta um pouco maior com melhor apar\u00eancia<\/p><\/div><div class=\"col-md-6 vam image\"><img decoding=\"async\" src=\"https:\/\/roudrill.com.br\/wp-content\/uploads\/2023\/03\/maquinas4.png\" alt=\"screen\"><\/div><\/div><div class=\"row screen\"><div class=\"col-md-6 vam\"><h5>TRIPLE X - GOLD KEYCNC \/ 2009 -2013<\/h5><p>Nesta \u00e9poca existiam poucas m\u00e1quinas autom\u00e1ticas no Brasil e fomos a primeira empresa a desenvolver este equipamento. Fechando parcerias com a Chaves Gold, viajamos pelo Brasil demonstrando o produto<\/p><\/div><div class=\"col-md-6 vam image\"><img decoding=\"async\" src=\"https:\/\/roudrill.com.br\/wp-content\/uploads\/2023\/03\/maquinas5.png\" alt=\"screen\"><\/div><\/div><\/div><div class=\"bullets bullets_screenshots\"><\/div><\/div><\/div><\/div><\/section>[\/vc_column][\/vc_row]<\/p>\n","protected":false},"excerpt":{"rendered":"<p>[vc_row][vc_column][\/vc_column][\/vc_row][vc_row full_width=&#8221;stretch_row_content_no_spaces&#8221; content_placement=&#8221;middle&#8221;][vc_column][vc_empty_space][vc_empty_space][vc_custom_heading text=&#8221;MICRO X. TECNOLOGIA E LUCRATIVIDADE PARA SEU NEG\u00d3CIO&#8221; font_container=&#8221;tag:h2|font_size:25|text_align:center|color:%232b8ce4&#8243; use_theme_fonts=&#8221;yes&#8221;][vc_separator color=&#8221;custom&#8221; border_width=&#8221;5&#8243; el_width=&#8221;10&#8243; accent_color=&#8221;#2b8ce4&#8243;][\/vc_column][\/vc_row][vc_row full_width=&#8221;stretch_row_content_no_spaces&#8221; content_placement=&#8221;middle&#8221;][vc_column width=&#8221;1\/6&#8243;][vc_empty_space][\/vc_column][vc_column width=&#8221;2\/3&#8243;][vc_column_text] A Roudrill, sempre antenada a todas as inova\u00e7\u00f5es do mercado automotivo e comprometida em criar solu\u00e7\u00f5es inovadoras, criou a MICRO X, uma m\u00e1quina de ALTA TECNOLOGIA, PERFORMANCE e EFICI\u00caNCIA para corte e c\u00f3pia de [&hellip;]<\/p>\n","protected":false},"author":1,"featured_media":0,"parent":0,"menu_order":0,"comment_status":"closed","ping_status":"closed","template":"one-page-template.php","meta":{"footnotes":""},"class_list":["post-2307","page","type-page","status-publish","hentry"],"yoast_head":"<!-- This site is optimized with the Yoast SEO plugin v20.3 - https:\/\/yoast.com\/wordpress\/plugins\/seo\/ -->\n<title>Micro X - Roudrill | M\u00e1quinas de Corte de Chaves Automotivas<\/title>\n<meta name=\"description\" content=\"A Roudrill \u00e9 uma ind\u00fastria especializada na fabrica\u00e7\u00e3o de m\u00e1quinas de corte de chaves automotivas, a MICRO X!\" \/>\n<meta name=\"robots\" content=\"index, follow, max-snippet:-1, max-image-preview:large, max-video-preview:-1\" \/>\n<link rel=\"canonical\" href=\"https:\/\/roudrill.com.br\/index.php\/micro-x\/\" \/>\n<meta property=\"og:locale\" content=\"pt_BR\" \/>\n<meta property=\"og:type\" content=\"article\" \/>\n<meta property=\"og:title\" content=\"Micro X - Roudrill | M\u00e1quinas de Corte de Chaves Automotivas\" \/>\n<meta property=\"og:description\" content=\"A Roudrill \u00e9 uma ind\u00fastria especializada na fabrica\u00e7\u00e3o de m\u00e1quinas de corte de chaves automotivas, a MICRO X!\" \/>\n<meta property=\"og:url\" content=\"https:\/\/roudrill.com.br\/index.php\/micro-x\/\" \/>\n<meta property=\"og:site_name\" content=\"Roudrill | M\u00e1quinas de Corte de Chaves Automotivas\" \/>\n<meta property=\"article:publisher\" content=\"https:\/\/www.facebook.com\/roudrill\/\" \/>\n<meta property=\"article:modified_time\" content=\"2023-03-27T14:24:47+00:00\" \/>\n<meta name=\"twitter:card\" content=\"summary_large_image\" \/>\n<meta name=\"twitter:label1\" content=\"Est. tempo de leitura\" \/>\n\t<meta name=\"twitter:data1\" content=\"4 minutos\" \/>\n<script type=\"application\/ld+json\" class=\"yoast-schema-graph\">{\"@context\":\"https:\/\/schema.org\",\"@graph\":[{\"@type\":\"WebPage\",\"@id\":\"https:\/\/roudrill.com.br\/index.php\/micro-x\/\",\"url\":\"https:\/\/roudrill.com.br\/index.php\/micro-x\/\",\"name\":\"Micro X - Roudrill | M\u00e1quinas de Corte de Chaves Automotivas\",\"isPartOf\":{\"@id\":\"https:\/\/roudrill.com.br\/#website\"},\"datePublished\":\"2023-03-24T14:23:45+00:00\",\"dateModified\":\"2023-03-27T14:24:47+00:00\",\"description\":\"A Roudrill \u00e9 uma ind\u00fastria especializada na fabrica\u00e7\u00e3o de m\u00e1quinas de corte de chaves automotivas, a MICRO X!\",\"breadcrumb\":{\"@id\":\"https:\/\/roudrill.com.br\/index.php\/micro-x\/#breadcrumb\"},\"inLanguage\":\"pt-BR\",\"potentialAction\":[{\"@type\":\"ReadAction\",\"target\":[\"https:\/\/roudrill.com.br\/index.php\/micro-x\/\"]}]},{\"@type\":\"BreadcrumbList\",\"@id\":\"https:\/\/roudrill.com.br\/index.php\/micro-x\/#breadcrumb\",\"itemListElement\":[{\"@type\":\"ListItem\",\"position\":1,\"name\":\"In\u00edcio\",\"item\":\"https:\/\/roudrill.com.br\/\"},{\"@type\":\"ListItem\",\"position\":2,\"name\":\"Micro X\"}]},{\"@type\":\"WebSite\",\"@id\":\"https:\/\/roudrill.com.br\/#website\",\"url\":\"https:\/\/roudrill.com.br\/\",\"name\":\"Roudrill M\u00e1quinas de Corte de Chaves Automotivas\",\"description\":\"M\u00e1quinas de Corte de Chaves Automotivas\",\"publisher\":{\"@id\":\"https:\/\/roudrill.com.br\/#organization\"},\"potentialAction\":[{\"@type\":\"SearchAction\",\"target\":{\"@type\":\"EntryPoint\",\"urlTemplate\":\"https:\/\/roudrill.com.br\/?s={search_term_string}\"},\"query-input\":\"required name=search_term_string\"}],\"inLanguage\":\"pt-BR\"},{\"@type\":\"Organization\",\"@id\":\"https:\/\/roudrill.com.br\/#organization\",\"name\":\"Roudrill M\u00e1quinas de Corte de Chaves Automotivas\",\"url\":\"https:\/\/roudrill.com.br\/\",\"logo\":{\"@type\":\"ImageObject\",\"inLanguage\":\"pt-BR\",\"@id\":\"https:\/\/roudrill.com.br\/#\/schema\/logo\/image\/\",\"url\":\"https:\/\/roudrill.com.br\/wp-content\/uploads\/2023\/02\/logo_roudrill_final.png\",\"contentUrl\":\"https:\/\/roudrill.com.br\/wp-content\/uploads\/2023\/02\/logo_roudrill_final.png\",\"width\":200,\"height\":81,\"caption\":\"Roudrill M\u00e1quinas de Corte de Chaves Automotivas\"},\"image\":{\"@id\":\"https:\/\/roudrill.com.br\/#\/schema\/logo\/image\/\"},\"sameAs\":[\"https:\/\/www.facebook.com\/roudrill\/\",\"https:\/\/www.instagram.com\/roudrill\/\",\"https:\/\/www.youtube.com\/@roudrill4788\/\",\"https:\/\/www.linkedin.com\/company\/roudrill-maquinas-e-automacao-industrial\/\"]}]}<\/script>\n<!-- \/ Yoast SEO plugin. -->","yoast_head_json":{"title":"Micro X - Roudrill | M\u00e1quinas de Corte de Chaves Automotivas","description":"A Roudrill \u00e9 uma ind\u00fastria especializada na fabrica\u00e7\u00e3o de m\u00e1quinas de corte de chaves automotivas, a MICRO X!","robots":{"index":"index","follow":"follow","max-snippet":"max-snippet:-1","max-image-preview":"max-image-preview:large","max-video-preview":"max-video-preview:-1"},"canonical":"https:\/\/roudrill.com.br\/index.php\/micro-x\/","og_locale":"pt_BR","og_type":"article","og_title":"Micro X - Roudrill | M\u00e1quinas de Corte de Chaves Automotivas","og_description":"A Roudrill \u00e9 uma ind\u00fastria especializada na fabrica\u00e7\u00e3o de m\u00e1quinas de corte de chaves automotivas, a MICRO X!","og_url":"https:\/\/roudrill.com.br\/index.php\/micro-x\/","og_site_name":"Roudrill | M\u00e1quinas de Corte de Chaves Automotivas","article_publisher":"https:\/\/www.facebook.com\/roudrill\/","article_modified_time":"2023-03-27T14:24:47+00:00","twitter_card":"summary_large_image","twitter_misc":{"Est. tempo de leitura":"4 minutos"},"schema":{"@context":"https:\/\/schema.org","@graph":[{"@type":"WebPage","@id":"https:\/\/roudrill.com.br\/index.php\/micro-x\/","url":"https:\/\/roudrill.com.br\/index.php\/micro-x\/","name":"Micro X - Roudrill | M\u00e1quinas de Corte de Chaves Automotivas","isPartOf":{"@id":"https:\/\/roudrill.com.br\/#website"},"datePublished":"2023-03-24T14:23:45+00:00","dateModified":"2023-03-27T14:24:47+00:00","description":"A Roudrill \u00e9 uma ind\u00fastria especializada na fabrica\u00e7\u00e3o de m\u00e1quinas de corte de chaves automotivas, a MICRO X!","breadcrumb":{"@id":"https:\/\/roudrill.com.br\/index.php\/micro-x\/#breadcrumb"},"inLanguage":"pt-BR","potentialAction":[{"@type":"ReadAction","target":["https:\/\/roudrill.com.br\/index.php\/micro-x\/"]}]},{"@type":"BreadcrumbList","@id":"https:\/\/roudrill.com.br\/index.php\/micro-x\/#breadcrumb","itemListElement":[{"@type":"ListItem","position":1,"name":"In\u00edcio","item":"https:\/\/roudrill.com.br\/"},{"@type":"ListItem","position":2,"name":"Micro X"}]},{"@type":"WebSite","@id":"https:\/\/roudrill.com.br\/#website","url":"https:\/\/roudrill.com.br\/","name":"Roudrill M\u00e1quinas de Corte de Chaves Automotivas","description":"M\u00e1quinas de Corte de Chaves Automotivas","publisher":{"@id":"https:\/\/roudrill.com.br\/#organization"},"potentialAction":[{"@type":"SearchAction","target":{"@type":"EntryPoint","urlTemplate":"https:\/\/roudrill.com.br\/?s={search_term_string}"},"query-input":"required name=search_term_string"}],"inLanguage":"pt-BR"},{"@type":"Organization","@id":"https:\/\/roudrill.com.br\/#organization","name":"Roudrill M\u00e1quinas de Corte de Chaves Automotivas","url":"https:\/\/roudrill.com.br\/","logo":{"@type":"ImageObject","inLanguage":"pt-BR","@id":"https:\/\/roudrill.com.br\/#\/schema\/logo\/image\/","url":"https:\/\/roudrill.com.br\/wp-content\/uploads\/2023\/02\/logo_roudrill_final.png","contentUrl":"https:\/\/roudrill.com.br\/wp-content\/uploads\/2023\/02\/logo_roudrill_final.png","width":200,"height":81,"caption":"Roudrill M\u00e1quinas de Corte de Chaves Automotivas"},"image":{"@id":"https:\/\/roudrill.com.br\/#\/schema\/logo\/image\/"},"sameAs":["https:\/\/www.facebook.com\/roudrill\/","https:\/\/www.instagram.com\/roudrill\/","https:\/\/www.youtube.com\/@roudrill4788\/","https:\/\/www.linkedin.com\/company\/roudrill-maquinas-e-automacao-industrial\/"]}]}},"jetpack_sharing_enabled":true,"_links":{"self":[{"href":"https:\/\/roudrill.com.br\/index.php\/wp-json\/wp\/v2\/pages\/2307","targetHints":{"allow":["GET"]}}],"collection":[{"href":"https:\/\/roudrill.com.br\/index.php\/wp-json\/wp\/v2\/pages"}],"about":[{"href":"https:\/\/roudrill.com.br\/index.php\/wp-json\/wp\/v2\/types\/page"}],"author":[{"embeddable":true,"href":"https:\/\/roudrill.com.br\/index.php\/wp-json\/wp\/v2\/users\/1"}],"replies":[{"embeddable":true,"href":"https:\/\/roudrill.com.br\/index.php\/wp-json\/wp\/v2\/comments?post=2307"}],"version-history":[{"count":46,"href":"https:\/\/roudrill.com.br\/index.php\/wp-json\/wp\/v2\/pages\/2307\/revisions"}],"predecessor-version":[{"id":2473,"href":"https:\/\/roudrill.com.br\/index.php\/wp-json\/wp\/v2\/pages\/2307\/revisions\/2473"}],"wp:attachment":[{"href":"https:\/\/roudrill.com.br\/index.php\/wp-json\/wp\/v2\/media?parent=2307"}],"curies":[{"name":"wp","href":"https:\/\/api.w.org\/{rel}","templated":true}]}}